{"id":11376,"date":"2024-02-09T10:26:05","date_gmt":"2024-02-09T10:26:05","guid":{"rendered":"https:\/\/www.bobex.lu\/fr-lu\/?page_id=11376"},"modified":"2024-02-09T15:03:55","modified_gmt":"2024-02-09T15:03:55","slug":"atd","status":"publish","type":"page","link":"https:\/\/www.bobex.lu\/fr-lu\/atd\/","title":{"rendered":"Accord de Traitement des Donn\u00e9es"},"content":{"rendered":"<div class=\"container\">\n\n\n<p><br>Un Accord de Traitement des Donn\u00e9es (ATD) est un contrat qui \u00e9nonce les droits et obligations de Bobex (agissant en tant que sous-traitant) et de votre entreprise (agissant en tant que responsable du traitement) concernant la protection des donn\u00e9es personnelles. Il compl\u00e8te les conditions g\u00e9n\u00e9rales de Bobex et s&rsquo;applique aux activit\u00e9s de traitement des donn\u00e9es personnelles soumises au GDPR.<\/p>\n\n\n\n<p>Conform\u00e9ment \u00e0 l&rsquo;article 28, section 3 du GDPR, notre accord de traitement des donn\u00e9es comprend les assurances suivantes :<\/p>\n\n\n\n<p>&#8211; Bobex s&rsquo;engage \u00e0 ne traiter les donn\u00e9es personnelles que sur instructions \u00e9crites de votre soci\u00e9t\u00e9.<\/p>\n\n\n\n<p>&#8211; Toutes les personnes en contact avec des donn\u00e9es chez Bobex ont pr\u00eat\u00e9 serment de confidentialit\u00e9.<\/p>\n\n\n\n<p>&#8211; Bobex utilise des mesures techniques et organisationnelles appropri\u00e9es pour prot\u00e9ger la s\u00e9curit\u00e9 des donn\u00e9es.<\/p>\n\n\n\n<p>&#8211; Bobex ne sous-traite pas \u00e0 un autre sous-traitant, sauf sur instruction \u00e9crite de votre entreprise, auquel cas une autre ATD devra \u00eatre sign\u00e9e avec le sous-traitant (conform\u00e9ment aux sections 2 et 4 de l&rsquo;article 28).<\/p>\n\n\n\n<p>&#8211; Bobex aidera votre entreprise \u00e0 respecter ses obligations en vertu du GDPR, en particulier en ce qui concerne les droits des personnes concern\u00e9es.<\/p>\n\n\n\n<p>&#8211; Bobex aidera votre entreprise \u00e0 maintenir la conformit\u00e9 au GDPR en ce qui concerne l&rsquo;article 32 (s\u00e9curit\u00e9 du traitement) et l&rsquo;article 36 (consultation de l&rsquo;autorit\u00e9 de protection des donn\u00e9es avant d&rsquo;entreprendre un traitement \u00e0 haut risque). <\/p>\n\n\n\n<p><a href=\"https:\/\/www.bobex.lu\/fr-lu\/atdb\/\" data-type=\"page\" data-id=\"11385\">Accord de Traitement des Donn\u00e9es Bobex (ATDB)<\/a><\/p>\n","protected":false},"excerpt":{"rendered":"<p>Un Accord de Traitement des Donn\u00e9es (ATD) est un contrat qui \u00e9nonce les droits et obligations de Bobex (agissant en tant que sous-traitant) et de votre entreprise (agissant en tant que responsable du traitement) concernant la protection des donn\u00e9es personnelles. Il compl\u00e8te les conditions g\u00e9n\u00e9rales de Bobex et s&rsquo;applique aux activit\u00e9s de traitement des donn\u00e9es [&hellip;]<\/p>\n","protected":false},"author":193,"featured_media":0,"parent":0,"menu_order":0,"comment_status":"closed","ping_status":"closed","template":"","meta":{"footnotes":""},"class_list":["post-11376","page","type-page","status-publish","hentry"],"_links":{"self":[{"href":"https:\/\/www.bobex.lu\/fr-lu\/wp-json\/wp\/v2\/pages\/11376","targetHints":{"allow":["GET"]}}],"collection":[{"href":"https:\/\/www.bobex.lu\/fr-lu\/wp-json\/wp\/v2\/pages"}],"about":[{"href":"https:\/\/www.bobex.lu\/fr-lu\/wp-json\/wp\/v2\/types\/page"}],"author":[{"embeddable":true,"href":"https:\/\/www.bobex.lu\/fr-lu\/wp-json\/wp\/v2\/users\/193"}],"replies":[{"embeddable":true,"href":"https:\/\/www.bobex.lu\/fr-lu\/wp-json\/wp\/v2\/comments?post=11376"}],"version-history":[{"count":5,"href":"https:\/\/www.bobex.lu\/fr-lu\/wp-json\/wp\/v2\/pages\/11376\/revisions"}],"predecessor-version":[{"id":11406,"href":"https:\/\/www.bobex.lu\/fr-lu\/wp-json\/wp\/v2\/pages\/11376\/revisions\/11406"}],"wp:attachment":[{"href":"https:\/\/www.bobex.lu\/fr-lu\/wp-json\/wp\/v2\/media?parent=11376"}],"curies":[{"name":"wp","href":"https:\/\/api.w.org\/{rel}","templated":true}]}}