{"id":9189,"date":"2021-09-10T13:00:55","date_gmt":"2021-09-10T13:00:55","guid":{"rendered":"https:\/\/www.bobex.lu\/fr-lu\/?page_id=9189"},"modified":"2021-09-29T09:16:10","modified_gmt":"2021-09-29T09:16:10","slug":"politique-des-cookies","status":"publish","type":"page","link":"https:\/\/www.bobex.lu\/fr-lu\/politique-des-cookies\/","title":{"rendered":"Politique des cookies"},"content":{"rendered":"<div class=\"container\">\n<h2>BOBEX UTILISE DES COOKIES<\/h2>\n<p>Un cookie est un petit fichier qu&rsquo;un site web demande \u00e0 votre navigateur de stocker sur votre smartphone, ordinateur ou mobile. Il permet au site Web de se souvenir de vos actions ou pr\u00e9f\u00e9rences. Il permet de naviguer de page en page sur un site web, de fournir des connexions s\u00e9curis\u00e9es et se souvient de vos pr\u00e9f\u00e9rences pour votre prochaine visite.<br \/>\nPour de plus amples informations \u00e0 propos des cookies, consultez la page <a href=\"http:\/\/ec.europa.eu\/ipg\/basics\/legal\/cookies\/index_en.htm.\">http:\/\/ec.europa.eu\/ipg\/basics\/legal\/cookies\/index_en.htm.<\/a><\/p>\n<h2>COOKIES SUR NOS SITES WEB<\/h2>\n<p>Cookies op\u00e9rationnels: Bobex utilise des cookies op\u00e9rationnels. Il s&rsquo;agit de petits fichiers install\u00e9s sur votre smartphone, ordinateur ou mobile pour faciliter votre navigation d&rsquo;une page \u00e0 l&rsquo;autre sur le site web. Par exemple, sans ces cookies, vous devriez indiquer vos pr\u00e9f\u00e9rences de langue \u00e0 chaque changement de page sur le site web. Ces cookies sont donc essentiels \u00e0 une utilisation conviviale de notre site.<br \/>\nCookies non op\u00e9rationnels: Nous utilisons \u00e9galement des cookies pour fournir d&rsquo;autres services ou nous aider \u00e0 am\u00e9liorer nos produits et services. Certains cookies nous fournissent des statistiques concernant le nombre de visiteurs et de pages Web consult\u00e9es. Ces informations nous aident \u00e0 concevoir du contenu plus utile pour vous. Certains de ces cookies sont des cookies tiers.<br \/>\nCookies tiers: Nous utilisons parfois des cookies tiers, par exemple pour Google Analytics (__utma, __utmb, __utmc, __utmv, __utmz). Il s&rsquo;agit de cookies non op\u00e9rationnels. Lorsque nous les utilisons, nous vous informons de l&rsquo;objet de ces cookies tiers et vous demandons de nous donner votre consentement pour les stocker.<br \/>\nLorsque nous utilisons des cookies non op\u00e9rationnels, nous vous demandons si vous acceptez l&rsquo;utilisation de cookies. Si vous refusez ces cookies, certains services et certaines fonctionnalit\u00e9s ne fonctionnent pas. Cela peut en particulier limiter votre utilisation du site et de ses diff\u00e9rentes fonctionnalit\u00e9s ainsi que notre capacit\u00e9 \u00e0 am\u00e9liorer nos produits et services et \u00e0 proposer du contenu attrayant.<\/p>\n<h2>GESTION DES COOKIES<\/h2>\n<p>La plupart des navigateurs prennent en charge les cookies, mais vous pouvez configurer votre navigateur pour qu&rsquo;il les refuse et les supprimer \u00e0 tout moment. Vous pouvez g\u00e9rer les cookies vous-m\u00eame en adaptant vos pr\u00e9f\u00e9rences dans votre navigateur. Le processus exact d\u00e9pend du type de navigateur que vous utilisez. Vous pouvez consulter les liens suivants vers les sites des navigateurs les plus utilis\u00e9s.<\/p>\n<p>Chrome : <a href=\"https:\/\/support.google.com\/chrome\/answer\/95647?hl=fr\">https:\/\/support.google.com\/chrome\/answer\/95647?hl=fr<\/a><\/p>\n<p>Firefox : <a href=\"https:\/\/support.mozilla.org\/fr\/kb\/activer-desactiver-cookies-preferences\">https:\/\/support.mozilla.org\/fr\/kb\/activer-desactiver-cookies-preferences<\/a><\/p>\n<p>Safari : <a href=\"https:\/\/support.apple.com\/fr-fr\/HT201265\">https:\/\/support.apple.com\/fr-fr\/HT201265<\/a><\/p>\n<p>Explorer : <a href=\"https:\/\/support.microsoft.com\/fr-fr\/help\/17442\/windows-internet-explorer-delete-manage-cookie\">https:\/\/support.microsoft.com\/fr-fr\/help\/17442\/windows-internet-explorer-delete-manage-cookies<\/a><\/p>\n<\/div>\n","protected":false},"excerpt":{"rendered":"<p>BOBEX UTILISE DES COOKIES Un cookie est un petit fichier qu&rsquo;un site web demande \u00e0 votre navigateur de stocker sur votre smartphone, ordinateur ou mobile. Il permet au site Web de se souvenir de vos actions ou pr\u00e9f\u00e9rences. Il permet de naviguer de page en page sur un site web, de fournir des connexions s\u00e9curis\u00e9es [&hellip;]<\/p>\n","protected":false},"author":24,"featured_media":0,"parent":0,"menu_order":0,"comment_status":"closed","ping_status":"closed","template":"","meta":{"footnotes":""},"class_list":["post-9189","page","type-page","status-publish","hentry"],"_links":{"self":[{"href":"https:\/\/www.bobex.lu\/fr-lu\/wp-json\/wp\/v2\/pages\/9189","targetHints":{"allow":["GET"]}}],"collection":[{"href":"https:\/\/www.bobex.lu\/fr-lu\/wp-json\/wp\/v2\/pages"}],"about":[{"href":"https:\/\/www.bobex.lu\/fr-lu\/wp-json\/wp\/v2\/types\/page"}],"author":[{"embeddable":true,"href":"https:\/\/www.bobex.lu\/fr-lu\/wp-json\/wp\/v2\/users\/24"}],"replies":[{"embeddable":true,"href":"https:\/\/www.bobex.lu\/fr-lu\/wp-json\/wp\/v2\/comments?post=9189"}],"version-history":[{"count":2,"href":"https:\/\/www.bobex.lu\/fr-lu\/wp-json\/wp\/v2\/pages\/9189\/revisions"}],"predecessor-version":[{"id":9693,"href":"https:\/\/www.bobex.lu\/fr-lu\/wp-json\/wp\/v2\/pages\/9189\/revisions\/9693"}],"wp:attachment":[{"href":"https:\/\/www.bobex.lu\/fr-lu\/wp-json\/wp\/v2\/media?parent=9189"}],"curies":[{"name":"wp","href":"https:\/\/api.w.org\/{rel}","templated":true}]}}