{"id":9621,"date":"2021-09-14T09:18:28","date_gmt":"2021-09-14T09:18:28","guid":{"rendered":"https:\/\/www.bobex.lu\/fr-lu\/?page_id=9621"},"modified":"2023-01-03T13:44:33","modified_gmt":"2023-01-03T13:44:33","slug":"la-meilleure-qualite","status":"publish","type":"page","link":"https:\/\/www.bobex.lu\/fr-lu\/la-meilleure-qualite\/","title":{"rendered":"Offrir la meilleure qualit\u00e9 et le meilleur service"},"content":{"rendered":"<div class=\"bg-white mt-4 \">\n<section class=\"container\">\n<div class=\"row mb-5\">\nDepuis plus de 22 ans, nous sommes une r\u00e9f\u00e9rence europ\u00e9enne dans le domaine des places de march\u00e9 en ligne. Durant toutes ces ann\u00e9es, nous avons construit un r\u00e9seau solide de fournisseurs, d\u2019installateurs et professionnels du b\u00e2timent. Nous choisissons nos partenaires avec soin et dans un souci de qualit\u00e9. Mais cela ne s\u2019arr\u00eate pas l\u00e0. Nos utilisateurs peuvent \u00e9galement \u00e9valuer chaque entreprise contact\u00e9e en laissant un avis positif ou n\u00e9gatif quant \u00e0 la prestation effectu\u00e9e.<\/p>\n<div class=\"col-md-8 px-0\">\n<h2>Plate-forme d\u2019autor\u00e9gulation<\/h2>\n<h3>Donn\u00e9es d\u2019entreprises Graydon Creditsafe<\/h3>\n<p>Les donn\u00e9es de chaque entreprise qui rejoint notre r\u00e9seau sont v\u00e9rifi\u00e9es dans les bases de donn\u00e9es de Graydon Creditsafe. Bobex ne vend pas de produits elle-m\u00eame. Nous sommes un interm\u00e9diaire neutre et notre r\u00f4le se limite \u00e0 la mise en relation des parties. Nous vous mettons en contact avec diff\u00e9rents prestataires de services, mais c\u2019est vous qui d\u00e9cidez avec qui vous voulez travailler ou non et dans quelles conditions.<\/p>\n<h3>\u00c9valuation des utilisateurs<\/h3>\n<ul>\n<li class=\"pb-1\">Nos utilisateurs peuvent \u00e9valuer les entreprises avec lesquelles ils ont \u00e9t\u00e9 mis en relation en leur<br \/>\nattribuant une note. Ils peuvent aussi partager leur exp\u00e9rience personnelle avec l&rsquo;entreprise en<br \/>\n\u00e9crivant un commentaire.<\/li>\n<li class=\"pb-1\">Lorsque vous comparez les offres, vous pouvez consulter ces scores (%) et commentaires pour vous<br \/>\naider \u00e0 faire votre choix.<\/li>\n<li class=\"pb-1\">N&rsquo;h\u00e9sitez pas \u00e0 \u00e9valuer vous-m\u00eame les entreprises avec lesquelles vous avez \u00e9t\u00e9 en contact. Nous<br \/>\npartageons ces avis afin qu&rsquo;elles puissent am\u00e9liorer leur service. Les entreprises qui re\u00e7oivent<br \/>\nconstamment des notes faibles et des commentaires n\u00e9gatifs seront averties de la situation. Nous en<br \/>\nparlons avec eux et, si n\u00e9cessaire, ils peuvent \u00eatre exclus de notre plateforme.<\/li>\n<\/ul>\n<\/div>\n<div class=\"col-md-4\"><img decoding=\"async\" src=\"https:\/\/www.bobex.lu\/wp-uploads\/sites\/11\/rating-quality-lufr.png\" alt=\"rating\"><\/div>\n<\/div>\n<\/section>\n<\/div>\n<div style=\"background-color: var(--home-banner-bg)\">\n<section class=\"container mt-0 mb-0 pt-5 pb-5\">\n<div class=\"row px-0\">\n<div class=\"col-md-8\">\n<h2>Un \u201cmatching\u201d parfait<\/h2>\n<p>Tout d\u2019abord, nous analysons vos besoins en vous posant des questions cibl\u00e9es dans les formulaires. Nous<br \/>\nvous appelons ensuite pour affiner votre demande, apr\u00e8s quoi nous pouvons rechercher des entreprises<br \/>\nappropri\u00e9es en fonction de leurs comp\u00e9tences et de leur r\u00e9gion. De cette fa\u00e7on, nous assurons un<br \/>\n\u201cmatching\u201d parfait entre l&rsquo;offre et la demande, un peu comme un site de rencontre.<\/p>\n<\/div>\n<div class=\"col-md-4\"><img alt=\"loupe_icon.png\" decoding=\"async\" src=\"https:\/\/www.bobex.be\/wp-uploads\/sites\/5\/loupe_icon.png\"><\/div>\n<\/div>\n<\/section>\n<\/div>\n<div style=\"background-color: var(--bobex-blue)\">\n<section class=\"container mt-0 mb-0 pt-5 pb-5\">\n<div class=\"row px-0\">\n<div class=\"col-md-4 my-auto\">\n<h2 style=\"color: var(--home-banner-bg);margin-top: unset\">Contr\u00f4le de qualit\u00e9 des demandes de devis<\/h2>\n<\/div>\n<div class=\"col-md-8 my-auto\">\n<p style=\"color: white\">Notre \u00e9quipe contr\u00f4le chaque demande de devis en contactant chaque utilisateur. Une demande n\u2019est<br \/>\ndonc jamais transmise aux entreprises sans validation t\u00e9l\u00e9phonique. Si nous doutons de l\u2019intention<br \/>\nd\u2019achat, nous ne transmettons pas la demande. La qualit\u00e9 est plus importante que la quantit\u00e9 !<\/p>\n<\/div>\n<\/div>\n<\/section>\n<\/div>\n<div style=\"background-color: var(--home-banner-bg)\">\n<section class=\"container mt-0 mb-0 pt-5 pb-5\">\n<h2>Les avis sur Bobex<\/h2>\n<p>En dehors de nos sp\u00e9cialistes et nos fournisseurs, vous pouvez bien entendu \u00e9valuer vous-m\u00eame notre plate-forme.<br \/>\nLes utilisateurs peuvent laisser un avis sur notre site web, sur Trustpilot et sur <a href=\"https:\/\/www.google.com\/search?q=bobex&amp;source=hp&amp;ei=4uxeYZ_2KNqIxc8P4MqGsAc&amp;iflsig=ALs-wAMAAAAAYV768gy7VcJi-AH6jxnFiIZZ7gIAfVaT&amp;ved=0ahUKEwif79aQq7jzAhVaRPEDHWClAXYQ4dUDCAY&amp;uact=5&amp;oq=bobex&amp;gs_lcp=Cgdnd3Mtd2l6EAMyBwgAEIAEEAoyCwguEIAEEMcBEK8BMgUIABCABDIFCAAQgAQyCwguEIAEEMcBEK8BMgUIABCABDIHCAAQgAQQCjIECAAQCjIECAAQCjIECAAQCjoLCAAQgAQQsQMQgwE6CAgAEIAEELEDOgsILhCxAxDHARDRAzoLCC4QsQMQxwEQowI6CAgAELEDEIMBOgUIABCxAzoOCC4QgAQQsQMQxwEQ0QM6DgguEIAEELEDEMcBEK8BOgsILhCABBCxAxCDAToOCC4QsQMQgwEQxwEQrwE6BQguEIAEOhEILhCABBCxAxDHARCvARCTAjoICC4QgAQQsQM6EAguELEDEMcBEK8BEAoQkwI6BAguEApQlxBY1hVgrBpoAXAAeACAAXGIAewDkgEDMi4zmAEAoAEBsAEA&amp;sclient=gws-wiz#lrd=0x47c3c38ffa44f1af:0x98227cab92c60bb1,1,,,\">Google<\/a>.<\/p>\n<p>Nous tenons \u00e0 remercier nos utilisateurs pour leurs commentaires. Au fil des ans, nous avons re\u00e7u des milliers<br \/>\net des milliers d\u2019avis. Ils nous aident non seulement \u00e0 continuer d&rsquo;am\u00e9liorer notre service, mais nous font<br \/>\naussi souvent sourire.<\/p>\n<div class=\"row mt-4\">\n<div class=\"col-md-2\">\n<div class=\"ms-0\"><pre class=\"ti-widget\"><template id=\"trustindex-google-widget-html\"><div class=\" ti-widget  ti-goog ti-review-text-mode-readmore ti-text-align-left\" data-no-translation=\"true\" data-time-locale=\"il y a %d %s|aujourd'hui|jour|jours|semaine|semaines|mois|mois|ann\u00e9e|ans\" data-plugin-version=\"13.2.8\" data-layout-id=\"12\" data-layout-category=\"badge\" data-set-id=\"light-minimal-large\" data-pid=\"\" data-language=\"fr\" data-close-locale=\"Fermer\" data-css-version=\"2\" data-size=\"1\"> <div class=\"ti-widget-container\"> <a href=\"https:\/\/admin.trustindex.io\/api\/googleReview?place-id=ChIJr_FE-o_Dw0cRsQvGkqt8Ipg\" role=\"button\" target=\"_blank\" rel=\"noopener nofollow\" class=\"ti-footer ti-footer-grid source-Google\"> <div class=\"ti-fade-container\"> <div class=\"ti-large-logo\"> <div class=\"ti-v-center\"> <trustindex-image class=\"ti-logo-fb\" data-imgurl=\"https:\/\/cdn.trustindex.io\/assets\/platform\/Google\/logo.svg\" width=\"150\" height=\"25\" loading=\"lazy\" alt=\"Google\"><\/trustindex-image> <\/div> <\/div> <span class=\"ti-stars star-lg\"><trustindex-image class=\"ti-star\" data-imgurl=\"https:\/\/cdn.trustindex.io\/assets\/platform\/Google\/star\/f.svg\" alt=\"Google\" width=\"17\" height=\"17\" loading=\"lazy\"><\/trustindex-image><trustindex-image class=\"ti-star\" data-imgurl=\"https:\/\/cdn.trustindex.io\/assets\/platform\/Google\/star\/f.svg\" alt=\"Google\" width=\"17\" height=\"17\" loading=\"lazy\"><\/trustindex-image><trustindex-image class=\"ti-star\" data-imgurl=\"https:\/\/cdn.trustindex.io\/assets\/platform\/Google\/star\/f.svg\" alt=\"Google\" width=\"17\" height=\"17\" loading=\"lazy\"><\/trustindex-image><trustindex-image class=\"ti-star\" data-imgurl=\"https:\/\/cdn.trustindex.io\/assets\/platform\/Google\/star\/f.svg\" alt=\"Google\" width=\"17\" height=\"17\" loading=\"lazy\"><\/trustindex-image><trustindex-image class=\"ti-star\" data-imgurl=\"https:\/\/cdn.trustindex.io\/assets\/platform\/Google\/star\/h.svg\" alt=\"Google\" width=\"17\" height=\"17\" loading=\"lazy\"><\/trustindex-image><\/span> <div class=\"ti-rating-text\"> <span class=\"nowrap\">Bas\u00e9e sur <span class=\"underline\">57 avis<\/span><\/span> <\/div> <\/div> <\/a> <\/div> <\/div> <\/template><\/pre><div data-src=\"https:\/\/cdn.trustindex.io\/loader.js?wp-widget\" data-template-id=\"trustindex-google-widget-html\" data-css-url=\"https:\/\/www.bobex.lu\/wp-uploads\/sites\/11\/trustindex-google-widget.css?1730803526\"><\/div><\/div>\n<\/div>\n<div class=\"col-md-4\">\n<div class=\"trustpilot-widget my-3\" data-locale=\"fr-BE\" data-template-id=\"53aa8807dec7e10d38f59f32\" data-businessunit-id=\"4a6f7297000064000504664f\" data-style-height=\"150px\" data-style-width=\"100%\" data-theme=\"light\">Trustpilot<\/div>\n<\/div>\n<\/div>\n<\/section>\n<\/div>\n","protected":false},"excerpt":{"rendered":"<p>Depuis plus de 22 ans, nous sommes une r\u00e9f\u00e9rence europ\u00e9enne dans le domaine des places de march\u00e9 en ligne. Durant toutes ces ann\u00e9es, nous avons construit un r\u00e9seau solide de fournisseurs, d\u2019installateurs et professionnels du b\u00e2timent. Nous choisissons nos partenaires avec soin et dans un souci de qualit\u00e9. Mais cela ne s\u2019arr\u00eate pas l\u00e0. Nos [&hellip;]<\/p>\n","protected":false},"author":24,"featured_media":0,"parent":0,"menu_order":0,"comment_status":"closed","ping_status":"closed","template":"","meta":{"footnotes":""},"class_list":["post-9621","page","type-page","status-publish","hentry"],"_links":{"self":[{"href":"https:\/\/www.bobex.lu\/fr-lu\/wp-json\/wp\/v2\/pages\/9621","targetHints":{"allow":["GET"]}}],"collection":[{"href":"https:\/\/www.bobex.lu\/fr-lu\/wp-json\/wp\/v2\/pages"}],"about":[{"href":"https:\/\/www.bobex.lu\/fr-lu\/wp-json\/wp\/v2\/types\/page"}],"author":[{"embeddable":true,"href":"https:\/\/www.bobex.lu\/fr-lu\/wp-json\/wp\/v2\/users\/24"}],"replies":[{"embeddable":true,"href":"https:\/\/www.bobex.lu\/fr-lu\/wp-json\/wp\/v2\/comments?post=9621"}],"version-history":[{"count":9,"href":"https:\/\/www.bobex.lu\/fr-lu\/wp-json\/wp\/v2\/pages\/9621\/revisions"}],"predecessor-version":[{"id":11053,"href":"https:\/\/www.bobex.lu\/fr-lu\/wp-json\/wp\/v2\/pages\/9621\/revisions\/11053"}],"wp:attachment":[{"href":"https:\/\/www.bobex.lu\/fr-lu\/wp-json\/wp\/v2\/media?parent=9621"}],"curies":[{"name":"wp","href":"https:\/\/api.w.org\/{rel}","templated":true}]}}