{"id":9657,"date":"2021-09-14T09:42:42","date_gmt":"2021-09-14T09:42:42","guid":{"rendered":"https:\/\/www.bobex.lu\/fr-lu\/?page_id=9657"},"modified":"2025-01-25T12:21:01","modified_gmt":"2025-01-25T12:21:01","slug":"programme-daffiliation","status":"publish","type":"page","link":"https:\/\/www.bobex.lu\/fr-lu\/programme-daffiliation\/","title":{"rendered":"Devenir affili\u00e9 de Bobex ? Grandissons ensemble"},"content":{"rendered":"<section class=\"container my-0 py-5\">\n<div class=\"col-md-12 mx-0 px-0\">\n<div> Vous disposez d\u2019un r\u00e9seau solide, d\u2019un bon site web, d\u2019un blog int\u00e9ressant ou d\u2019une belle base de donn\u00e9es et vous souhaitez g\u00e9n\u00e9rer des revenus suppl\u00e9mentaires ? C\u2019est possible. D\u00e9couvrez le programme d\u2019affiliation de Bobex.<\/div>\n<\/div>\n<div class=\"row\">\n<div class=\"col-md-8 pr-3\">\n<div>\n<h2>Comment fonctionne Bobex ?<\/h2>\nBobex met en relation l\u2019offre et la demande le plus efficacement possible. Tout le monde peut recevoir des offres via Bobex et trouver rapidement le bon fournisseur ou prestataire. Nous sommes actifs dans 150 secteurs, du traitement de l\u2019humidit\u00e9 \u00e0 l\u2019isolation du toit, du leasing automobile au terminal de paiement. Nous aidons aussi bien les particuliers que les entreprises.\n\n<\/div>\n<div>\n<h2>Comment grandir en tant qu\u2019affili\u00e9 Bobex ?<\/h2>\n<h3>Utiliser nos pages<\/h3>\nC\u2019est la solution \u201cfacile\u201d. Nous r\u00e9alisons une landing page personnalis\u00e9e pour vous. Vous incitez les gens \u00e0 s\u2019y rendre, et nous vous r\u00e9mun\u00e9rons pour chaque demande de qualit\u00e9 faite via ce formulaire.\n<h3>Int\u00e9grer un formulaire Bobex sur votre site<\/h3>\nVous disposez d\u2019un site avec des informations concernant les panneaux solaires, l\u2019isolation, le traitement de l\u2019humidit\u00e9\u2026 ? Dans ce cas, nous vous sugg\u00e9rons d\u2019y int\u00e9grer un de nos formulaires. Pas cal\u00e9 en informatique ? Pas de probl\u00e8me, notre \u00e9quipe vous aidera avec plaisir. Une fois que tout est en ligne, nous vous payons mensuellement.\n<h3>Installer notre API<\/h3>\nUne solution \u00e0 la pointe. Vous avez d\u00e9j\u00e0 un site web avec un bon formulaire et vous envoyez directement les r\u00e9ponses \u00e0 notre base de donn\u00e9es gr\u00e2ce \u00e0 la liaison API. Certes, cela demande un peu plus de connaissances informatiques.\n\n<\/div>\n<\/div>\n<div class=\"col-md-4 my-auto\"> <img alt=\"polos-aff.png\" decoding=\"async\" src=\"https:\/\/www.bobex.be\/wp-uploads\/sites\/2\/polos-aff.png\"><\/div>\n<\/div>\n<div class=\"col-md-12 text-center\"> <a class=\"bobex-round-cta featured_business_link\" href=\"#bobex-form-affiliate\">Devenir affili\u00e9<\/a><\/div>\n<\/section>\n<section style=\"background-color: var(--home-banner-bg)\">\n<div class=\"container my-0- py-5\">\n<div class=\"row\">\n<div class=\"col-md-6 my-auto\"> <img alt=\"Affiliate-illustration.png\" decoding=\"async\" style=\"max-height: 450px\" src=\"https:\/\/www.bobex.be\/wp-uploads\/sites\/5\/Affiliate-illustration.png\"><\/div>\n<div class=\"col-md-6\">\n<h2>Ce que nous avons \u00e0 vous offrir<\/h2>\n<ul class=\"mt-4\">\n \t<li class=\"d-flex flex-row align-items-start\">\n<div class=\"mx-2\" style=\"color: orangered; font-weight: 500;\"><i class=\"fas fa-check fa-lg\"><\/i><\/div>\n<div>\n<h5 class=\"mt-0\" style=\"color: orangered; font-weight: 500;\">Plus de revenus<\/h5>\nNos partenaires profitent du succ\u00e8s de Bobex. Au plus il y a de leads, plus il y a de joie ! Nous analysons ensemble les campagnes et optons pour celles qui donneront les meilleurs r\u00e9sultats sur votre r\u00e9seau, afin que vous puissiez g\u00e9n\u00e9rer un maximum de revenus. Nous en assurons le suivi ensemble et l\u2019ajustons en permanence.\n\n<\/div><\/li>\n \t<li class=\"d-flex flex-row align-items-start\">\n<div class=\"mx-2\" style=\"color: orangered; font-weight: 500;\"><i class=\"fas fa-check fa-lg\"><\/i><\/div>\n<div>\n<h5 class=\"mt-0\" style=\"color: orangered; font-weight: 500;\">Transparence<\/h5>\nEn tant qu\u2019affili\u00e9, vous recevez un acc\u00e8s \u00e0 notre syst\u00e8me afin d\u2019effectuer continuellement le suivi des leads. Vous voyez en temps r\u00e9el ce qui est approuv\u00e9 et pouvez ainsi facilement suivre toutes vos r\u00e9mun\u00e9rations.\n\n<\/div><\/li>\n \t<li class=\"d-flex flex-row align-items-start\">\n<div class=\"mx-2\" style=\"color: orangered; font-weight: 500;\"><i class=\"fas fa-check fa-lg\"><\/i><\/div>\n<div>\n<h5 class=\"mt-0\" style=\"color: orangered; font-weight: 500;\">Personne de contact fixe<\/h5>\nAussit\u00f4t que notre collaboration commence, vous serez mis en contact avec votre personne de contact fixe. Une question ou quelque chose de pas clair ? Il suffit d\u2019envoyer un mail pour recevoir une r\u00e9ponse rapide.\n\n<\/div><\/li>\n \t<li class=\"d-flex flex-row align-items-start\">\n<div class=\"mx-2\" style=\"color: orangered; font-weight: 500;\"><i class=\"fas fa-check fa-lg\"><\/i><\/div>\n<div>\n<h5 class=\"mt-0\" style=\"color: orangered; font-weight: 500;\">Long terme<\/h5>\nCe que nous faisons, nous le faisons bien. Notre ambition est de b\u00e2tir des relations de qualit\u00e9 \u00e0 long terme avec nos partenaires. Grandissons ensemble !\n\n<\/div><\/li>\n<\/ul>\n<\/div>\n<\/div>\n<\/div>\n<\/section>\n<section style=\"background-color: var(--bobex-blue)\">\n<div class=\"container my-0 py-5\">\n<div class=\"row align-items-center jutify-content-center \">\n<div class=\"col-md-4\">\n<h2 style=\"color:#d1e8f2; font-weight: 600; margin: unset;\">Dans quels secteurs puis-je devenir affili\u00e9 ?<\/h2>\n<\/div>\n<div class=\"col-md-8\">\n<p style=\"color:#d1e8f2\">Bobex est actif dans un grand nombre de domaines et de secteurs d\u2019activit\u00e9s. Le premier est la construction et la r\u00e9novation. Avez-vous acc\u00e8s \u00e0 une communaut\u00e9 de personnes qui vont r\u00e9nover leur maison ou qui sont \u00e0 la recherche de solutions \u00e9nerg\u00e9tiques durables ? Alors nous allons tr\u00e8s bien nous entendre !<\/p>\n<p style=\"color:#d1e8f2\">\u00cates-vous en contact avec le monde des entreprises et le march\u00e9 des PME ? Alors nous avons aussi une solution pour vous, car ce march\u00e9 nous int\u00e9resse \u00e9galement. Ou bien \u00eates-vous li\u00e9 au secteur automobile ou fleet ? Contactez-nous sans engagement et discutons de la mani\u00e8re dont nous pouvons grandir ensemble !<\/p>\n\n<\/div>\n<\/div>\n<\/div>\n<\/section>\n<section class=\"container py-5\">\n<div id=\"bobex-form-affiliate\">\n<h5 class=\"text-center\" style=\"color: orangered;font-weight: 600; font-size:1.6rem;\">Remplissez le formulaire pour obtenir plus d\u2019informations et un entretien sans engagement<\/h5>\n<div class=\"row px-md-5\">\n<div class=\"col-md-8 mx-auto\"><div id=\"ppp\" class=\"bob-form-wrapper\" data-ajax_url=\"https:\/\/www.bobex.lu\/fr-lu\/wp-admin\/admin-ajax.php\" data-fa_a=\"\" data-fa_b=\"\"><div class=\"loader\" aria-hidden=\"true\"><\/div>    <div>\n        <div class=\"row mx-auto mb-2\" style=\"max-width: 900px;\">\n            <div class=\"col-md-4\"><i class=\"mr-1 fas fa-check\" style=\"color:green;\"><\/i>Devis gratuits et rapides<\/div>\n            <div class=\"col-md-4\"><i class=\"mr-1 fas fa-check\" style=\"color:green;\"><\/i>Sans engagement et obligation<\/div>\n            <div class=\"col-md-4\"><i class=\"mr-1 fas fa-check\" style=\"color:green;\"><\/i>Professionnels agr\u00e9\u00e9s<\/div>\n        <\/div>\n    <\/div><div id=\"form-69ebdb4e5655c\" class=\"bob-form-container\" style=\"background-color: white; font-family: Roboto, sans-serif !important; font-size: 16px !important; color: #545454; box-shadow: 0 2px 10px rgba(0,0,0,0.1); --font_title: Poppins; --font_size_title: 20px; --title_bg_color: #175da6; --copyright_color: #fde8e1; --box_upload_color: #e5f2f7; padding:unset;\" data-form-type=\"inline\" data-form-id=\"69ebdb4e5655c\"><style>#form-69ebdb4e5655c .bob-form-inline-question.even {\n  background-color: #e5f2f7;\n}\n#form-69ebdb4e5655c .single_multiple.multiple_button {\n  background-color: #e5f2f7 !important;\n}\n#form-69ebdb4e5655c .bob-form-inline-question--hidden {\n  display: none;\n}<\/style><div class=\"form-questions\"><form id=\"bob-form\" class=\"bob-form bob-form-tag\" method=\"post\" action=\"https:\/\/www.bobex.lu\/fr-lu\/wp-admin\/admin-ajax.php?action=bobex-form-validation\">    <div class=\"form-title\">\n        Formulez votre demande\n        <div class=\"form-title-info-line\">\n            R\u00e9pondez \u00e0 quelques questions et entrez en contact avec des sp\u00e9cialistes fiables. Nous vous demandons vos coordonn\u00e9es afin de s\u00e9lectionner les professionnels actifs dans votre r\u00e9gion.\n        <\/div>\n    <\/div><div class=\"form-questions bob-form-inline-question\">    <div class=\"row\">\n        <div class=\"question col-md-4\"><label class=\"question\" for=\"69ebdb4e5655c-input-0\">1*. Quelle est l&#039;adresse de votre site web?<\/label><\/div>\n        <div class=\"col-md-8\"><input id=\"69ebdb4e5655c-input-0\" class=\"bob-form-input\" type=\"text\" name=\"XML_website\" required=\"required\" data-unique-id=\"69ebdb4e5655c\"><\/div>\n    <\/div><\/div><div class=\"form-questions bob-form-inline-question even\"><div class=\"row\"><div class=\"question col-md-4\"><label>2*. Comment d\u00e9sirez-vous travailler?<\/label><\/div><div class=\"answer col-md-8\"><div class=\"bob-form-checkbox d-flex\"><input type=\"checkbox\" class=\"inline-checkbox bob-form-input\" id=\"69ebdb4e5655c-input-1-1\" data-unique-id=\"69ebdb4e5655c\" name=\"XML_extra_check[]\" value=\"1\"  required=\"required\" onclick=\"checkboxTurnChecked(this)\"><label for=\"69ebdb4e5655c-input-1-1\">Iframe (J&#039;ai un(des) site(s) Web)<\/label><\/div><div class=\"bob-form-checkbox d-flex\"><input type=\"checkbox\" class=\"inline-checkbox bob-form-input\" id=\"69ebdb4e5655c-input-1-2\" data-unique-id=\"69ebdb4e5655c\" name=\"XML_extra_check[]\" value=\"2\"  required=\"required\" onclick=\"checkboxTurnChecked(this)\"><label for=\"69ebdb4e5655c-input-1-2\">Campagnes e-mail<\/label><\/div><div class=\"bob-form-checkbox d-flex\"><input type=\"checkbox\" class=\"inline-checkbox bob-form-input\" id=\"69ebdb4e5655c-input-1-3\" data-unique-id=\"69ebdb4e5655c\" name=\"XML_extra_check[]\" value=\"3\"  required=\"required\" onclick=\"checkboxTurnChecked(this)\"><label for=\"69ebdb4e5655c-input-1-3\">API<\/label><\/div><div class=\"bob-form-checkbox d-flex\"><input type=\"checkbox\" class=\"inline-checkbox bob-form-input\" id=\"69ebdb4e5655c-input-1-4\" data-unique-id=\"69ebdb4e5655c\" name=\"XML_extra_check[]\" value=\"4\"  required=\"required\" onclick=\"checkboxTurnChecked(this)\"><label for=\"69ebdb4e5655c-input-1-4\">Autres<\/label><\/div><\/div><\/div><\/div><div class=\"form-questions bob-form-inline-question\"><div class=\"d-flex flex-column\"><label class=\"question\" for=\"69ebdb4e5655c-input-2\">3. Informations compl\u00e9mentaires<\/label><textarea class=\"bob-form-input\" name=\"XML_remarks\" id=\"69ebdb4e5655c-input-2\" data-unique-id=\"69ebdb4e5655c\"><\/textarea><\/div><\/div><div class=\"bob-inline-form bob-form-tag upload-box mb-3\">\n                    <div class=\"row\">\n                        <div class=\"col-md-12 mb-2 question\">Ajouter des photos ou des pi\u00e8ces jointes (en Option)<\/div>\n                        <div class=\"col-md-12\">\n                            <div class=\"box__input\" style=\"background-color: #e5f2f7;\"\n                                 ondrop=\"drop(event)\"\n                                 ondragover=\"allowDrop(event)\"\n                                 ondragleave=\"removeDropFx(event)\"\n                                >\n                                <input type=\"file\"\n                                       class=\"file__input\"\n                                       name=\"attachments[]\"\n                                       id=\"attachments\"\n                                       multiple=\"multiple\"\n                                       accept=\"image\/jpeg, image\/png, image\/gif, application\/pdf\"\n                                       data-multiple-caption=\"{count} files selected\">\n                                <div>\n                                    <label for=\"attachments\"><strong>S\u00e9lectionnez un fichier <\/strong>ou glissez-le ici<\/label>\n                                    <span class=\"box__button bobex-round-cta m-1 py-1\"\n                                          style=\"mix-blend-mode: luminosity\">\n                                        <i class=\"fas fa-cloud-upload-alt text-white\"><\/i>\n                                        T\u00e9l\u00e9charger\n                                    <\/span>\n                                <\/div>\n            \n                                <div class=\"row preview_wrapper m-0\"><\/div>\n                            <\/div>\n            \n                            <div class=\"box__uploading\">Uploading\u2026<\/div>\n                            <div class=\"box__success\">Done!<\/div>\n                            <div class=\"box__error\">Error! <span><\/span>.<\/div>\n                        <\/div>\n                    <\/div>\n                <\/div>    <div class=\"form-title\">\n        Vos donn\u00e9es\n    <\/div><div class=\"bob-form-contact-data\" style=\"padding: 20px\"><div class=\"row lead-info\"><div class=\"col-md-6 mb-3\">  <div class=\"form-group\">    <input value=\"\" type=\"text\" class=\"form-control\" id=\"firstName\" name=\"firstName\" placeholder=\"Pr\u00e9nom\" required>    <div class=\"valid-feedback\">Enchant\u00e9 !<\/div>    <div class=\"invalid-feedback\">Veuillez indiquer votre pr\u00e9nom<\/div>  <\/div><\/div><div class=\"col-md-6 mb-3\">  <div class=\"form-group\">    <input value=\"\" type=\"text\" class=\"form-control\" id=\"lastName\" name=\"lastName\" placeholder=\"Nom\" required>    <div class=\"valid-feedback\">Sympa<\/div>    <div class=\"invalid-feedback\">Veuillez indiquer votre nom de famille<\/div>  <\/div><\/div><div class=\"col-md-12 mb-3\">  <div class=\"form-group\">    <input value=\"\" type=\"email\" class=\"form-control\" id=\"email\" name=\"email\" placeholder=\"E-mail\" required style=\"max-width: unset;\">    <div class=\"valid-feedback\">C&rsquo;est tout bon<\/div>    <div class=\"invalid-feedback\">Veuillez indiquer une adresse e-mail valide<\/div>  <\/div><\/div><div class=\"col-md-12 mb-3\">  <div class=\"form-group\">    <input value=\"\" type=\"tel\" class=\"form-control\" id=\"phone\" name=\"phone\" placeholder=\"T\u00e9l\u00e9phone\" required style=\"max-width: unset;\">    <div class=\"valid-feedback\">Parfait<\/div>    <div class=\"invalid-feedback\">Veuillez indiquer un num\u00e9ro de t\u00e9l\u00e9phone valide<\/div>  <\/div><\/div><input type=\"hidden\" name=\"companyType\" value=\"label.companytype.company\"><div class=\"col-md-6 mb-3\">  <div class=\"form-group\">    <input value=\"\" type=\"text\" class=\"form-control\" id=\"companyName\" name=\"companyName\" placeholder=\"Nom de la compagnie\" required>    <div class=\"valid-feedback\">Top !<\/div>    <div class=\"invalid-feedback\">Veuillez indiquer un nom d&rsquo;entreprise valide<\/div>  <\/div><\/div><div class=\"col-md-6 mb-3\">  <div class=\"form-group\">    <input value=\"\" type=\"text\" class=\"form-control\" id=\"companyVat\" name=\"companyVat\" placeholder=\"Num\u00e9ro de TVA\" required>    <div class=\"valid-feedback\">Excellent !<\/div>    <div class=\"invalid-feedback\">Veuillez indiquer un num\u00e9ro de TVA d&rsquo;entreprise valide<\/div>  <\/div><\/div><div class=\"col-md-12 mb-3\">  <div class=\"form-group\">    <input value=\"\" type=\"text\" class=\"form-control\" id=\"companyAddress\" name=\"companyAddress\" placeholder=\"Adresse\" required style=\"max-width: unset;\">    <div class=\"valid-feedback\">C&rsquo;est not\u00e9<\/div>    <div class=\"invalid-feedback\">Veuillez indiquer une adresse valide<\/div>  <\/div><\/div><div class=\"col-md-6 mb-3\">  <div class=\"form-group\">    <input value=\"\" type=\"text\" class=\"form-control\" id=\"companyPostalCode\" name=\"companyPostalCode\" placeholder=\"Code postal\" required>    <div class=\"valid-feedback\">Excellent !<\/div>    <div class=\"invalid-feedback\">Veuillez indiquer un code postal valide<\/div>  <\/div><\/div><div class=\"col-md-6 mb-3\">  <div class=\"form-group\">    <input value=\"\" type=\"text\" class=\"form-control\" id=\"companyCity\" name=\"companyCity\" placeholder=\"Ville\" required>    <div class=\"valid-feedback\">Bien jou\u00e9<\/div>    <div class=\"invalid-feedback\">Veuillez indiquer une ville valide<\/div>  <\/div><\/div><div class=\"d-flex mt-3\"><input name=\"promoOptin\" value=\"true\" id=\"promoOptin\" type=\"checkbox\" class=\"me-2\" style=\"width: unset\"><label for=\"promoOptin\">Je souhaite rester inform\u00e9 de ma demande et recevoir des conseils pratiques (fortement recommand\u00e9 !) <\/label><\/div><\/div><\/div><input type=\"hidden\" class=\"session_var\" name=\"newform\" value=\"true\"><input type=\"hidden\" class=\"session_var\" name=\"lead-validation-nonce\" value=\"84fadc2046\"><input type=\"hidden\" class=\"session_var\" name=\"aff\" value=\"minisite\"><input type=\"hidden\" class=\"session_var\" name=\"utm_source\" value=\"https:\/\/www.bobex.lu\/fr-lu\/wp-json\/v2\/pages\/9657\"><input type=\"hidden\" class=\"session_var\" name=\"bobx\" value=\"\"><input type=\"hidden\" class=\"session_var\" name=\"sessionType\" value=\"B2B\"><input type=\"hidden\" class=\"session_var\" name=\"utm_medium\" value=\"web\"><input type=\"hidden\" class=\"session_var\" name=\"utm_campaign\" value=\"search\"><input type=\"hidden\" class=\"session_var\" name=\"rem_source\" value=\"https:\/\/www.bobex.lu\/fr-lu\/programme-daffiliation\/\"><input type=\"hidden\" class=\"session_var\" name=\"pixel_id\" value=\"-1\"><input type=\"hidden\" class=\"session_var\" name=\"tabo_id\" value=\"-1\"><input type=\"hidden\" class=\"session_var\" name=\"click_id\" value=\"-1\"><input type=\"hidden\" class=\"session_var\" name=\"gclid\" value=\"-1\"><input type=\"hidden\" class=\"session_var\" name=\"msclkid\" value=\"-1\"><input type=\"hidden\" class=\"session_var\" name=\"past_aff\" value=\"bobex\"><input type=\"hidden\" class=\"session_var\" name=\"redirectTo\" value=\"BE\"><input type=\"hidden\" class=\"session_var\" name=\"is_type_id\" value=\"true\"><input type=\"hidden\" class=\"session_var\" name=\"typeid\" value=\"9998\"><input type=\"hidden\" class=\"session_var\" name=\"input_names\" value=\"XML_website,XML_extra_check,XML_remarks\"><input type=\"hidden\" class=\"form_context\" value=\"BE\"><img decoding=\"async\" class=\"bobex-pixel\" src=\"\" alt=\"\" style=\"display:none\" \/>    <div class=\"bob-form-submit d-flex justify-content-center\">\n        <button type=\"submit\" class=\"form-submit\" style=\"background-color: #F1653A; color: white; border: none !important; border-radius: 5px !important; font-family: Roboto, sans-serif; font-size: 16px;\">\n            ask quote\n        <\/button>\n    <\/div>    <div class=\"bob-inline-form form-footer\" style=\"border-radius: 0 0 10px 10px\">\n        <div class=\"bob-form-privacy-text\">\n            <div style=\"float:left;\"><i class=\"fa fa-lock\"><\/i><\/div>\n            <div class=\"ms-2\">\n                <div style='padding-left: 15px;font-size: 0.8em !important;z-index: 10;'><b>Nous respectons votre vie priv\u00e9e<\/b><br> Conform\u00e9ment \u00e0 la loi du 8\/12\/1992 relative \u00e0 la protection de la vie priv\u00e9e, vous disposez d&rsquo;un droit d&rsquo;acc\u00e8s et de rectification \u00e0 vos donn\u00e9es. Pour en savoir plus, consultez notre <span class=\"link_ob\" data-link=\"aHR0cHM6Ly93d3cuYm9iZXguYmUvZnItYmUvcHJvdGVjdGlvbi1kZS1sYS12aWUtcHJpdmVlLw==\" target=\"_blank\">charte sur la vie priv\u00e9e<\/span> <\/div>\n                \n            <\/div>\n        <\/div>\n    <\/div><\/form><\/div><div class=\"multiple_mini hidden\" data-lead_id=\"\"><p class=\"multiple-title\"> Confirmation de votre inscription \u00e0 notre programme d&rsquo;affiliation<\/p><p class=\"multiple-subtitle\">Merci pour votre int\u00e9r\u00eat pour le programme d&rsquo;affiliation de Bobex !<\/p><p class=\"spacing-bottom\">Nous avons bien re\u00e7u votre inscription et notre \u00e9quipe traitera votre demande dans les plus brefs d\u00e9lais. Vous recevrez bient\u00f4t plus d&rsquo;informations sur le fonctionnement de notre programme et comment vous pouvez, en tant qu&rsquo;affili\u00e9, contribuer \u00e0 la g\u00e9n\u00e9ration de leads de haute qualit\u00e9.<\/p><p class=\"multiple-subtitle\">\u00c0 quoi pouvez-vous vous attendre ?<\/p><ol class=\"spacing-bottom\"><li><strong>Confirmation par e-mail :<\/strong> Vous recevrez prochainement un e-mail de confirmation avec les premi\u00e8res informations concernant votre inscription.<\/li><li><strong>Contact personnalis\u00e9 :<\/strong> L&rsquo;un de nos experts vous contactera pour vous expliquer le fonctionnement de notre programme d&rsquo;affiliation et r\u00e9pondre \u00e0 vos questions.<\/li><li><strong>Informations d\u00e9taill\u00e9es :<\/strong> Apr\u00e8s notre contact, nous vous enverrons des informations compl\u00e8tes pour mettre en place rapidement et efficacement le programme d&rsquo;affiliation.<\/li><\/ol><p class=\"multiple-subtitle\">Avez-vous des questions ?<\/p><p>Si vous avez des questions ou si vous souhaitez obtenir plus d&rsquo;informations avant qu&rsquo;un de nos experts ne vous contacte, n&rsquo;h\u00e9sitez pas \u00e0 nous contacter.<\/p><ul><li><strong>E-mail :<\/strong> <a href=\"mailto:it@bobex.be\" target=\"_blank\">it@bobex.be<\/a><\/li><li><strong>T\u00e9l\u00e9phone :<\/strong> <a href=\"tel:+3225040080\" target=\"_blank\">+32 2 504 00 80<\/a><\/li><\/ul><p class=\"spacing-bottom\">Merci encore pour votre int\u00e9r\u00eat pour le programme d&rsquo;affiliation de Bobex. Nous nous r\u00e9jouissons de collaborer avec vous et de contribuer \u00e0 votre succ\u00e8s !<\/p><p>Cordialement,<\/p><p>L&rsquo;\u00e9quipe Bobex<\/p><\/div><\/div><\/div><\/div>\n<\/div>\n<\/div>\n<\/section>","protected":false},"excerpt":{"rendered":"<p>Vous disposez d\u2019un r\u00e9seau solide, d\u2019un bon site web, d\u2019un blog int\u00e9ressant ou d\u2019une belle base de donn\u00e9es et vous souhaitez g\u00e9n\u00e9rer des revenus suppl\u00e9mentaires ? C\u2019est possible. D\u00e9couvrez le programme d\u2019affiliation de Bobex. Comment fonctionne Bobex ? Bobex met en relation l\u2019offre et la demande le plus efficacement possible. Tout le monde peut recevoir [&hellip;]<\/p>\n","protected":false},"author":24,"featured_media":0,"parent":0,"menu_order":0,"comment_status":"closed","ping_status":"closed","template":"","meta":{"footnotes":""},"class_list":["post-9657","page","type-page","status-publish","hentry"],"_links":{"self":[{"href":"https:\/\/www.bobex.lu\/fr-lu\/wp-json\/wp\/v2\/pages\/9657","targetHints":{"allow":["GET"]}}],"collection":[{"href":"https:\/\/www.bobex.lu\/fr-lu\/wp-json\/wp\/v2\/pages"}],"about":[{"href":"https:\/\/www.bobex.lu\/fr-lu\/wp-json\/wp\/v2\/types\/page"}],"author":[{"embeddable":true,"href":"https:\/\/www.bobex.lu\/fr-lu\/wp-json\/wp\/v2\/users\/24"}],"replies":[{"embeddable":true,"href":"https:\/\/www.bobex.lu\/fr-lu\/wp-json\/wp\/v2\/comments?post=9657"}],"version-history":[{"count":7,"href":"https:\/\/www.bobex.lu\/fr-lu\/wp-json\/wp\/v2\/pages\/9657\/revisions"}],"predecessor-version":[{"id":11607,"href":"https:\/\/www.bobex.lu\/fr-lu\/wp-json\/wp\/v2\/pages\/9657\/revisions\/11607"}],"wp:attachment":[{"href":"https:\/\/www.bobex.lu\/fr-lu\/wp-json\/wp\/v2\/media?parent=9657"}],"curies":[{"name":"wp","href":"https:\/\/api.w.org\/{rel}","templated":true}]}}